{"id":999,"date":"2018-12-14T19:52:42","date_gmt":"2018-12-14T18:52:42","guid":{"rendered":"https:\/\/saint-arnac.fr\/?page_id=999"},"modified":"2025-06-20T09:53:50","modified_gmt":"2025-06-20T07:53:50","slug":"services-techniques","status":"publish","type":"page","link":"https:\/\/saint-arnac.fr\/index.php\/la-mairie\/services-techniques\/","title":{"rendered":"Services Municipaux"},"content":{"rendered":"<div class=\"wpb-content-wrapper\"><p>[vc_row 1=\u00a0\u00bburl(https:\/\/xtratheme.com\/img\/img29.jpg)\u00a0\u00bb 2=\u00a0\u00bb!important;background-position:\u00a0\u00bb 3=\u00a0\u00bbcenter\u00a0\u00bb 4=\u00a0\u00bb!important;background-repeat:\u00a0\u00bb 5=\u00a0\u00bbno-repeat\u00a0\u00bb 6=\u00a0\u00bb!important;background-size:\u00a0\u00bb 7=\u00a0\u00bbcover\u00a0\u00bb 8=\u00a0\u00bb!important;}\u00a0\u00bb full_width=\u00a0\u00bbstretch_row\u00a0\u00bb parallax=\u00a0\u00bbcontent-moving\u00a0\u00bb][vc_column]<div id=\"cz_77533\" class=\"cz_77533 cz_title clr cz_title_ba_line cz_title_pos_inline tac\"><div class=\"cz_title_content\"><div class=\"cz_wpe_content\"><p style=\"text-align: center;\"><span style=\"font-size: 42px; font-family: Montserrat; color: #3f51b5;\"><span style=\"font-weight: 200;\">LE<\/span> <span style=\"font-weight: 500;\">SECR\u00c9TARIAT<\/span><\/span><\/p>\n<\/div><div class=\"cz_title_line cz_line_after_title\"><span>_<\/span><\/div><\/div><\/div><div class=\"cz_gap clr \" style=\"height: 20px\"><\/div>[vc_column_text]<\/p>\n<p align=\"justify\">Madame GAUTRAIS JENNIFER secr\u00e9taire g\u00e9n\u00e9rale de mairie, vous accueillera et pourra r\u00e9pondre \u00e0 vos questions d&rsquo;ordre administratif, pr\u00e9parer avec vous des documents ou tout simplement vous prendre un rendez-vous avec Monsieur le Maire.<\/p>\n<p align=\"justify\">Vous pouvez avec son accord venir utiliser l&rsquo;ordinateur mis \u00e0 la disposition du public afin de r\u00e9aliser tous types de courriers.<\/p>\n<p>[\/vc_column_text]<div class=\"cz_gap clr \" style=\"height: 20px\"><\/div>[\/vc_column][\/vc_row][vc_row][vc_column][vc_hoverbox image=\u00a0\u00bb962&Prime; primary_title=\u00a0\u00bb\u00a0\u00bb hover_title=\u00a0\u00bbHoraires\u00a0\u00bb hover_background_color=\u00a0\u00bbcustom\u00a0\u00bb el_width=\u00a0\u00bb60&Prime; hover_custom_background=\u00a0\u00bbrgba(63,81,181,0.41)\u00a0\u00bb]<\/p>\n<h4 style=\"text-align: center;\"><span style=\"color: white; font-family: Montserrat; font-weight: 300; line-height: 2;\">Le mardi, le jeudi de 14h00 \u00e0 17h00 et le vendredi de 8h45 \u00e0 11h45.<\/span><\/h4>\n<p>[\/vc_hoverbox][vc_column_text]<\/p>\n<p style=\"text-align: center;\" align=\"justify\"><em>Passez votre souris sur la photo.<\/em><\/p>\n<p>[\/vc_column_text][\/vc_column][\/vc_row][vc_row][vc_column][vc_empty_space height=\u00a0\u00bb100px\u00a0\u00bb][\/vc_column][\/vc_row]<\/p>\n<\/div>","protected":false},"excerpt":{"rendered":"<p>Madame GAUTRAIS JENNIFER secr\u00e9taire g\u00e9n\u00e9rale de mairie, vous accueillera &#8230; <\/p>\n","protected":false},"author":2,"featured_media":0,"parent":989,"menu_order":4,"comment_status":"closed","ping_status":"closed","template":"","meta":{"footnotes":""},"class_list":["post-999","page","type-page","status-publish","hentry"],"jetpack_sharing_enabled":true,"_links":{"self":[{"href":"https:\/\/saint-arnac.fr\/index.php\/wp-json\/wp\/v2\/pages\/999","targetHints":{"allow":["GET"]}}],"collection":[{"href":"https:\/\/saint-arnac.fr\/index.php\/wp-json\/wp\/v2\/pages"}],"about":[{"href":"https:\/\/saint-arnac.fr\/index.php\/wp-json\/wp\/v2\/types\/page"}],"author":[{"embeddable":true,"href":"https:\/\/saint-arnac.fr\/index.php\/wp-json\/wp\/v2\/users\/2"}],"replies":[{"embeddable":true,"href":"https:\/\/saint-arnac.fr\/index.php\/wp-json\/wp\/v2\/comments?post=999"}],"version-history":[{"count":15,"href":"https:\/\/saint-arnac.fr\/index.php\/wp-json\/wp\/v2\/pages\/999\/revisions"}],"predecessor-version":[{"id":2264,"href":"https:\/\/saint-arnac.fr\/index.php\/wp-json\/wp\/v2\/pages\/999\/revisions\/2264"}],"up":[{"embeddable":true,"href":"https:\/\/saint-arnac.fr\/index.php\/wp-json\/wp\/v2\/pages\/989"}],"wp:attachment":[{"href":"https:\/\/saint-arnac.fr\/index.php\/wp-json\/wp\/v2\/media?parent=999"}],"curies":[{"name":"wp","href":"https:\/\/api.w.org\/{rel}","templated":true}]}}