{"id":1475,"date":"2019-02-02T22:16:24","date_gmt":"2019-02-02T21:16:24","guid":{"rendered":"https:\/\/saint-arnac.fr\/?page_id=1475"},"modified":"2021-10-21T20:16:44","modified_gmt":"2021-10-21T18:16:44","slug":"escalade","status":"publish","type":"page","link":"https:\/\/saint-arnac.fr\/index.php\/menu-lateral\/tourisme-et-decouvertes\/escalade\/","title":{"rendered":"Escalade"},"content":{"rendered":"<div class=\"wpb-content-wrapper\"><p>[vc_row][vc_column][vc_single_image image=\u00a0\u00bb1509&Prime; img_size=\u00a0\u00bbfull\u00a0\u00bb alignment=\u00a0\u00bbcenter\u00a0\u00bb style=\u00a0\u00bbvc_box_shadow_3d\u00a0\u00bb]<div class=\"cz_gap clr \" style=\"height: 25px\"><\/div>[vc_column_text]<\/p>\n<p style=\"text-align: center;\">Venez d\u00e9couvrir des sensations fortes en toute s\u00e9curit\u00e9 sur la route de la grimpe.<\/p>\n<p style=\"text-align: center;\"><strong><a href=\"http:\/\/www.mairie-caudies-fenouilledes.fr\/fr\/actualite\/13852\/la-route-grimpe\"><u>Route de la grimpe<\/a><\/strong><\/p>\n<p>[\/vc_column_text]<div class=\"cz_gap clr \" style=\"height: 25px\"><\/div><div class=\"cz_btn_center\"><div class=\"cz_26421_p\"><a id=\"cz_26421\" class=\"cz_26421 cz_btn cz_btn_txt_no_fx cz_btn_zoom_in\" href=\"https:\/\/saint-arnac.fr\/wp-content\/uploads\/2019\/02\/via-ferratta.pdf\" target=\"_blank\"><span><i class=\"fa fa-cloud-download\"><\/i><strong>Via Ferrata<\/strong><\/span><b class=\"cz_btn_onhover\"><i class=\"fa fa-cloud-download\"><\/i><strong>Via Ferrata<\/strong><\/b><\/a><\/div><\/div>[\/vc_column][\/vc_row][vc_row][vc_column]<div class=\"cz_gap clr \" style=\"height: 100px\"><\/div>[\/vc_column][\/vc_row]<\/p>\n<\/div>","protected":false},"excerpt":{"rendered":"<p>Venez d\u00e9couvrir des sensations fortes en toute s\u00e9curit\u00e9 sur la route &#8230; <\/p>\n","protected":false},"author":2,"featured_media":0,"parent":1052,"menu_order":4,"comment_status":"closed","ping_status":"closed","template":"","meta":{"footnotes":""},"class_list":["post-1475","page","type-page","status-publish","hentry"],"jetpack_sharing_enabled":true,"_links":{"self":[{"href":"https:\/\/saint-arnac.fr\/index.php\/wp-json\/wp\/v2\/pages\/1475","targetHints":{"allow":["GET"]}}],"collection":[{"href":"https:\/\/saint-arnac.fr\/index.php\/wp-json\/wp\/v2\/pages"}],"about":[{"href":"https:\/\/saint-arnac.fr\/index.php\/wp-json\/wp\/v2\/types\/page"}],"author":[{"embeddable":true,"href":"https:\/\/saint-arnac.fr\/index.php\/wp-json\/wp\/v2\/users\/2"}],"replies":[{"embeddable":true,"href":"https:\/\/saint-arnac.fr\/index.php\/wp-json\/wp\/v2\/comments?post=1475"}],"version-history":[{"count":5,"href":"https:\/\/saint-arnac.fr\/index.php\/wp-json\/wp\/v2\/pages\/1475\/revisions"}],"predecessor-version":[{"id":1880,"href":"https:\/\/saint-arnac.fr\/index.php\/wp-json\/wp\/v2\/pages\/1475\/revisions\/1880"}],"up":[{"embeddable":true,"href":"https:\/\/saint-arnac.fr\/index.php\/wp-json\/wp\/v2\/pages\/1052"}],"wp:attachment":[{"href":"https:\/\/saint-arnac.fr\/index.php\/wp-json\/wp\/v2\/media?parent=1475"}],"curies":[{"name":"wp","href":"https:\/\/api.w.org\/{rel}","templated":true}]}}