{"id":1469,"date":"2019-02-02T22:14:39","date_gmt":"2019-02-02T21:14:39","guid":{"rendered":"https:\/\/saint-arnac.fr\/?page_id=1469"},"modified":"2022-09-09T10:31:47","modified_gmt":"2022-09-09T08:31:47","slug":"randonnees","status":"publish","type":"page","link":"https:\/\/saint-arnac.fr\/index.php\/menu-lateral\/tourisme-et-decouvertes\/randonnees\/","title":{"rendered":"Randonn\u00e9es"},"content":{"rendered":"<div class=\"wpb-content-wrapper\"><p>[vc_row][vc_column]<div id=\"cz_65684\" class=\"cz_65684 cz_title clr cz_title_ba_line cz_title_pos_inline tac\"><div class=\"cz_title_content\"><div class=\"cz_wpe_content\"><p style=\"text-align: center;\"><span style=\"font-size: 42px; font-family: Montserrat; color: #3f51b5;\"><span style=\"font-weight: 200;\">Randonn\u00e9es<\/span> <span style=\"font-weight: 500;\">P\u00e9destres<\/span><\/span><\/p>\n<p>&nbsp;<\/p>\n<\/div><div class=\"cz_title_line cz_line_after_title\"><span>_<\/span><\/div><\/div><\/div><h2 id=\"cz_55210\" data-time=\"3000\" class=\"cz_55210 cz_headline letters type wpb_animate_when_almost_visible fadeIn\"><span class=\"cz_before_text\">Envie<\/span><span class=\"cz_words-wrapper\"><b class=\"is-visible\">d'air pur ?<\/b><b class=\"is-hidden\"> de sentir le thym ?<\/b><b class=\"is-hidden\"> de voir l'Aigle Royal ?<\/b><\/span><\/h2><div class=\"cz_gap clr \" style=\"height: 25px\"><\/div>[vc_column_text]N&rsquo;h\u00e9sitez plus, empruntez les quelques chemins de randonn\u00e9e autour de la commune. Ceux-ci vous emm\u00e8neront, soit \u00e0 la d\u00e9couverte de l\u2019Aqueduc Romain sur l&rsquo;Agly, ou au sommet du Roc de verges d&rsquo;o\u00f9 vous pourrez voir le Canigou, la m\u00e9diterran\u00e9e et le ch\u00e2teau de Qu\u00e9ribus, soit presque 80% du d\u00e9partement.<\/p>\n<p>Cliquez sur le document ci-dessous pour voir la carte des circuits, ou bien rendez vous <a href=\"https:\/\/www.sunfrance.com\/decouvrir\/bienvenue_au_pays\/pays_agly_verdouble\">ici<\/a> pour d\u00e9couvrir les sites \u00e0 visiter sur l&rsquo;ensemble du Fenouill\u00e8des ![\/vc_column_text]<div class=\"cz_gap clr \" style=\"height: 25px\"><\/div><div class=\"cz_btn_center\"><div class=\"cz_24008_p\"><a id=\"cz_24008\" class=\"cz_24008 cz_btn cz_btn_txt_no_fx cz_btn_zoom_in\" href=\"https:\/\/saint-arnac.fr\/wp-content\/uploads\/2019\/02\/chemins-de-randonneees-sur-la-commune.pdf\" target=\"_blank\"><span><i class=\"fa fa-cloud-download\"><\/i><strong>Chemins de rando<\/strong><\/span><b class=\"cz_btn_onhover\"><i class=\"fa fa-cloud-download\"><\/i><strong>Chemins de rando<\/strong><\/b><\/a><\/div><\/div><div class=\"cz_gap clr \" style=\"height: 25px\"><\/div>[\/vc_column][vc_row][\/vc_row][\/vc_row][vc_column][\/vc_column][vc_row][vc_column]<div id=\"cz_99143\" class=\"cz_grid_p cz_99143\"><div class=\"cz_grid cz_grid_1 clr cz_grid_c3 cz_grid_1_no_title cz_grid_1_mid tac cz_grid_sil cz_tooltip cz_grid_1_no_title\"><div class=\"cz_grid_item cz_grid_first\"><\/div><div class=\"cz_grid_item \"><div data-title=\"100_5048\"><a class=\"cz_grid_link cz_grid_shine\" href=\"https:\/\/saint-arnac.fr\/wp-content\/uploads\/2019\/01\/100_5048.jpg\" data-xtra-lightbox><img decoding=\"async\" width=\"600\" height=\"562\" src=\"https:\/\/saint-arnac.fr\/wp-content\/uploads\/2019\/01\/100_5048-600x562.jpg\" class=\"attachment-codevz_600_600\" alt=\"\" title=\"100_5048\" \/><div class=\"cz_grid_details\"><i class=\"fa fa-search cz_grid_icon\"><\/i><\/div><\/a><\/div><\/div><div class=\"cz_grid_item \"><div data-title=\"100_5050\"><a class=\"cz_grid_link cz_grid_shine\" href=\"https:\/\/saint-arnac.fr\/wp-content\/uploads\/2019\/01\/100_5050.jpg\" data-xtra-lightbox><img decoding=\"async\" width=\"600\" height=\"562\" src=\"https:\/\/saint-arnac.fr\/wp-content\/uploads\/2019\/01\/100_5050-600x562.jpg\" class=\"attachment-codevz_600_600\" alt=\"\" title=\"100_5050\" \/><div class=\"cz_grid_details\"><i class=\"fa fa-search cz_grid_icon\"><\/i><\/div><\/a><\/div><\/div><div class=\"cz_grid_item \"><div data-title=\"nature-56\"><a class=\"cz_grid_link cz_grid_shine\" href=\"https:\/\/saint-arnac.fr\/wp-content\/uploads\/2019\/01\/nature-56.jpg\" data-xtra-lightbox><img decoding=\"async\" width=\"600\" height=\"562\" src=\"https:\/\/saint-arnac.fr\/wp-content\/uploads\/2019\/01\/nature-56-600x562.jpg\" class=\"attachment-codevz_600_600\" alt=\"\" title=\"nature-56\" \/><div class=\"cz_grid_details\"><i class=\"fa fa-search cz_grid_icon\"><\/i><\/div><\/a><\/div><\/div><\/div><\/div>[vc_separator]<div id=\"cz_60964\" class=\"cz_60964 cz_title clr cz_title_ba_line cz_title_pos_inline tac\"><div class=\"cz_title_content\"><div class=\"cz_wpe_content\"><p style=\"text-align: center;\"><span style=\"font-size: 42px; font-family: Montserrat; color: #3f51b5;\"><span style=\"font-weight: 200;\">Randonn\u00e9es<\/span> <span style=\"font-weight: 500;\">VTT<\/span><\/span><\/p>\n<\/div><div class=\"cz_title_line cz_line_after_title\"><span>_<\/span><\/div><\/div><\/div><div class=\"cz_gap clr \" style=\"height: 25px\"><\/div>[vc_column_text]Que vous soyez en famille, ou bien un professionnel vous trouverez toujours un circuit \u00e0 votre niveau.<\/p>\n<p>Autour de la commune un parcours relativement facile peu vous permettre de visiter en toute tranquillit\u00e9 notre territoire. Quelques circuits annexes peuvent, pour des V\u00e9t\u00e9tistes \u00e0 la recherche de sensations et d&rsquo;effort de se faire plaisir.<\/p>\n<p>Pour tous il est possible de consulter les documents joints, de se renseigner \u00e0 la mairie, ou bien d&rsquo;aller sur le site mis en lien ci-dessous.[\/vc_column_text]<div class=\"cz_gap clr \" style=\"height: 25px\"><\/div>[vc_row_inner][vc_column_inner width=\u00a0\u00bb1\/2&Prime;]<div class=\"cz_btn_center\"><div class=\"cz_74052_p\"><a id=\"cz_74052\" class=\"cz_74052 cz_btn cz_btn_txt_no_fx cz_btn_zoom_in\" href=\"https:\/\/saint-arnac.fr\/wp-content\/uploads\/2019\/02\/vtt.pdf\" target=\"_blank\"><span><i class=\"fa fa-cloud-download\"><\/i><strong>Circuit VTT<\/strong><\/span><b class=\"cz_btn_onhover\"><i class=\"fa fa-cloud-download\"><\/i><strong>Circuit VTT<\/strong><\/b><\/a><\/div><\/div>[\/vc_column_inner][vc_column_inner width=\u00a0\u00bb1\/2&Prime;]<div class=\"cz_btn_center\"><div class=\"cz_16401_p\"><a id=\"cz_16401\" class=\"cz_16401 cz_btn cz_btn_txt_no_fx cz_btn_zoom_in\" href=\"https:\/\/saint-arnac.fr\/wp-content\/uploads\/2019\/02\/vtt-2.pdf\" target=\"_blank\"><span><i class=\"fa fa-cloud-download\"><\/i><strong>Circuit VTT suite<\/strong><\/span><b class=\"cz_btn_onhover\"><i class=\"fa fa-cloud-download\"><\/i><strong>Circuit VTT suite<\/strong><\/b><\/a><\/div><\/div>[\/vc_column_inner][\/vc_row_inner][\/vc_column][vc_row][\/vc_row][\/vc_row][vc_column][\/vc_column][vc_row][vc_row][\/vc_row][\/vc_row][vc_column]<div class=\"cz_gap clr \" style=\"height: 100px\"><\/div>[\/vc_column][vc_row][vc_row][\/vc_row][\/vc_row]<\/p>\n<\/div>","protected":false},"excerpt":{"rendered":"<p>N&rsquo;h\u00e9sitez plus, empruntez les quelques chemins de randonn\u00e9e autour de la &#8230; <\/p>\n","protected":false},"author":2,"featured_media":0,"parent":1052,"menu_order":2,"comment_status":"closed","ping_status":"closed","template":"","meta":{"footnotes":""},"class_list":["post-1469","page","type-page","status-publish","hentry"],"jetpack_sharing_enabled":true,"_links":{"self":[{"href":"https:\/\/saint-arnac.fr\/index.php\/wp-json\/wp\/v2\/pages\/1469","targetHints":{"allow":["GET"]}}],"collection":[{"href":"https:\/\/saint-arnac.fr\/index.php\/wp-json\/wp\/v2\/pages"}],"about":[{"href":"https:\/\/saint-arnac.fr\/index.php\/wp-json\/wp\/v2\/types\/page"}],"author":[{"embeddable":true,"href":"https:\/\/saint-arnac.fr\/index.php\/wp-json\/wp\/v2\/users\/2"}],"replies":[{"embeddable":true,"href":"https:\/\/saint-arnac.fr\/index.php\/wp-json\/wp\/v2\/comments?post=1469"}],"version-history":[{"count":7,"href":"https:\/\/saint-arnac.fr\/index.php\/wp-json\/wp\/v2\/pages\/1469\/revisions"}],"predecessor-version":[{"id":2023,"href":"https:\/\/saint-arnac.fr\/index.php\/wp-json\/wp\/v2\/pages\/1469\/revisions\/2023"}],"up":[{"embeddable":true,"href":"https:\/\/saint-arnac.fr\/index.php\/wp-json\/wp\/v2\/pages\/1052"}],"wp:attachment":[{"href":"https:\/\/saint-arnac.fr\/index.php\/wp-json\/wp\/v2\/media?parent=1469"}],"curies":[{"name":"wp","href":"https:\/\/api.w.org\/{rel}","templated":true}]}}