{"id":1466,"date":"2019-02-02T22:13:28","date_gmt":"2019-02-02T21:13:28","guid":{"rendered":"https:\/\/saint-arnac.fr\/?page_id=1466"},"modified":"2021-10-21T20:15:58","modified_gmt":"2021-10-21T18:15:58","slug":"visites-de-sites","status":"publish","type":"page","link":"https:\/\/saint-arnac.fr\/index.php\/menu-lateral\/tourisme-et-decouvertes\/visites-de-sites\/","title":{"rendered":"Visites de sites"},"content":{"rendered":"<div class=\"wpb-content-wrapper\"><p>[vc_row][vc_column][vc_single_image image=\u00a0\u00bb1516&Prime; img_size=\u00a0\u00bb\u00a0\u00bb alignment=\u00a0\u00bbcenter\u00a0\u00bb style=\u00a0\u00bbvc_box_shadow_3d\u00a0\u00bb onclick=\u00a0\u00bblink_image\u00a0\u00bb][vc_column_text]Dans un environnement proche autour de notre commune, de nombreux sites touristiques sont \u00e0 visiter.<\/p>\n<p>Les plus nombreux sont les ch\u00e2teaux de l&rsquo;\u00e9poque cathare, des vestiges romains, des mus\u00e9es, et les diff\u00e9rentes caves \u00e0 vin qui sont l&rsquo;\u00e9conomie de notre territoire.<\/p>\n<p><strong><a href=\"https:\/\/www.payscathare.org\/un-reseau-de-monuments-en-aude-pays-cathare\">Les Chateaux cathares<\/a>:<\/strong><\/p>\n<ul>\n<li>\n<p align=\"justify\">Queribus: Ch\u00e2teau cathare situ\u00e9 sur la commune de Cucugnan (c\u00e9l\u00e8bre par \u00ab\u00a0les lettres de mon moulin\u00a0\u00bbd&rsquo;Alphonse Daudet). Cette forteresse est situ\u00e9e sur un python rocheux \u00e0 728 m\u00e8tres d&rsquo;altitude d&rsquo;o\u00f9 l&rsquo;on domine le village de Maury au sud.<\/li>\n<li>\n<p align=\"justify\">Puilaurens: A la limite d\u00e9partementale de l&rsquo;Aude et des Pyr\u00e9n\u00e9es Orientales Puilaurens demeura longtemps le ch\u00e2teau fort le plus m\u00e9ridional du royaume de France. Situ\u00e9 \u00e0 pr\u00e9s de 700 m\u00e8tres d&rsquo;altitude, ce ch\u00e2teau domine le village de Lapradelle, au milieu d&rsquo;une for\u00eat de sapin.<\/li>\n<li>\n<p align=\"justify\">Peyrepertuse: Celui-ci se dresse sur une cr\u00eate calcaire \u00e0 800 m\u00e8tres d&rsquo;altitude, au-dessus de la garrigue et des vignes. Pr\u00e9s du village de Duilhac situ\u00e9 \u00e0 environ 15 km de notre commune.<\/li>\n<\/ul>\n<p><strong>Les vestiges Romains:<\/strong><\/p>\n<ul>\n<li>Un circuit de randonn\u00e9e p\u00e9destre vous permet, depuis Saint Arnac d&rsquo;acc\u00e9der \u00e0 l\u2019aqueduc Romain situ\u00e9 sur la commune d&rsquo;Ansignan.<\/li>\n<li>D&rsquo;autres vestiges sont \u00e0 d\u00e9couvrir sur l&rsquo;ensemble du Fenouill\u00e8des.<\/li>\n<\/ul>\n<p><strong>Les mus\u00e9es:<\/strong><\/p>\n<ul>\n<li><a href=\"http:\/\/www.450000ans.com\/\">Le mus\u00e9e de Tautavel<\/a><\/li>\n<li><a href=\"http:\/\/www.musee-belesta66.fr\/\">Le mus\u00e9e de B\u00e9lesta<\/a><\/li>\n<\/ul>\n<p align=\"justify\">Le ch\u00e2teau mus\u00e9e de B\u00e9lesta pr\u00e9sente ds vestiges arch\u00e9ologiques issus de fouille dans la Cauna de B\u00e9lesta. En effet cette grotte a \u00e9t\u00e9 occup\u00e9e durant 6000 ans en continu, par les premiers agriculteurs et \u00e9leveurs, qui y ont v\u00e9cu et enterr\u00e9 leurs morts. Le mus\u00e9e met en sc\u00e8ne de mani\u00e8re attractive les diff\u00e9rentes activit\u00e9s quotidiennes de ces hommes (tissage, poteries, fabrication d&rsquo;armes, d&rsquo;outils et de parures) par la pr\u00e9sentation des objets authentiques et de reconstitutions grandeur nature (grotte, tombeau,carr\u00e9s de fouilles).<\/p>\n<p><strong>Contact :<\/strong><\/p>\n<p><strong>T\u00e9l.:<\/strong> 04.68.84.55.55 &#8211;\u00a0<strong>Email:<\/strong> chatmus.b\u00e9lesta@gmx.com[\/vc_column_text]<div class=\"cz_gap clr \" style=\"height: 50px\"><\/div><div id=\"cz_51029\" class=\"cz_grid_p cz_51029\"><div class=\"cz_grid cz_grid_1 clr cz_hr_grid cz_grid_c3 cz_grid_1_no_title cz_grid_1_mid tac cz_grid_zou cz_tooltip cz_grid_1_no_title\"><div class=\"cz_grid_item cz_grid_first\"><\/div><div class=\"cz_grid_item \"><div data-title=\"photo-du-village-de-beelesta\"><a class=\"cz_grid_link \" href=\"https:\/\/saint-arnac.fr\/wp-content\/uploads\/2019\/01\/photo-du-village-de-beelesta.jpg\" data-xtra-lightbox><img decoding=\"async\" class=\"\" src=\"https:\/\/saint-arnac.fr\/wp-content\/uploads\/2019\/01\/photo-du-village-de-beelesta-300x300.jpg\" width=\"300\" height=\"300\" alt=\"photo-du-village-de-beelesta\" title=\"photo-du-village-de-beelesta\" \/><div class=\"cz_grid_details\"><i class=\"fa fa-search cz_grid_icon\"><\/i><\/div><\/a><\/div><\/div><div class=\"cz_grid_item \"><div data-title=\"nature-56\"><a class=\"cz_grid_link \" href=\"https:\/\/saint-arnac.fr\/wp-content\/uploads\/2019\/01\/nature-56.jpg\" data-xtra-lightbox><img decoding=\"async\" class=\"\" src=\"https:\/\/saint-arnac.fr\/wp-content\/uploads\/2019\/01\/nature-56-300x300.jpg\" width=\"300\" height=\"300\" alt=\"nature-56\" title=\"nature-56\" \/><div class=\"cz_grid_details\"><i class=\"fa fa-search cz_grid_icon\"><\/i><\/div><\/a><\/div><\/div><div class=\"cz_grid_item \"><div data-title=\"dolm\"><a class=\"cz_grid_link \" href=\"https:\/\/saint-arnac.fr\/wp-content\/uploads\/2019\/01\/dolm.jpg\" data-xtra-lightbox><img decoding=\"async\" class=\"\" src=\"https:\/\/saint-arnac.fr\/wp-content\/uploads\/2019\/01\/dolm-300x300.jpg\" width=\"300\" height=\"300\" alt=\"dolm\" title=\"dolm\" \/><div class=\"cz_grid_details\"><i class=\"fa fa-search cz_grid_icon\"><\/i><\/div><\/a><\/div><\/div><\/div><\/div>[\/vc_column][\/vc_row]<\/p>\n<\/div>","protected":false},"excerpt":{"rendered":"<p>Dans un environnement proche autour de notre commune, de nombreux sites &#8230; <\/p>\n","protected":false},"author":2,"featured_media":0,"parent":1052,"menu_order":1,"comment_status":"closed","ping_status":"closed","template":"","meta":{"footnotes":""},"class_list":["post-1466","page","type-page","status-publish","hentry"],"jetpack_sharing_enabled":true,"_links":{"self":[{"href":"https:\/\/saint-arnac.fr\/index.php\/wp-json\/wp\/v2\/pages\/1466","targetHints":{"allow":["GET"]}}],"collection":[{"href":"https:\/\/saint-arnac.fr\/index.php\/wp-json\/wp\/v2\/pages"}],"about":[{"href":"https:\/\/saint-arnac.fr\/index.php\/wp-json\/wp\/v2\/types\/page"}],"author":[{"embeddable":true,"href":"https:\/\/saint-arnac.fr\/index.php\/wp-json\/wp\/v2\/users\/2"}],"replies":[{"embeddable":true,"href":"https:\/\/saint-arnac.fr\/index.php\/wp-json\/wp\/v2\/comments?post=1466"}],"version-history":[{"count":6,"href":"https:\/\/saint-arnac.fr\/index.php\/wp-json\/wp\/v2\/pages\/1466\/revisions"}],"predecessor-version":[{"id":1879,"href":"https:\/\/saint-arnac.fr\/index.php\/wp-json\/wp\/v2\/pages\/1466\/revisions\/1879"}],"up":[{"embeddable":true,"href":"https:\/\/saint-arnac.fr\/index.php\/wp-json\/wp\/v2\/pages\/1052"}],"wp:attachment":[{"href":"https:\/\/saint-arnac.fr\/index.php\/wp-json\/wp\/v2\/media?parent=1466"}],"curies":[{"name":"wp","href":"https:\/\/api.w.org\/{rel}","templated":true}]}}