{"id":1055,"date":"2018-12-15T16:32:06","date_gmt":"2018-12-15T15:32:06","guid":{"rendered":"https:\/\/saint-arnac.fr\/?page_id=1055"},"modified":"2021-08-08T19:18:34","modified_gmt":"2021-08-08T17:18:34","slug":"document-dinformations-communal-sur-les-risques-majeurs","status":"publish","type":"page","link":"https:\/\/saint-arnac.fr\/index.php\/menu-lateral\/document-dinformations-communal-sur-les-risques-majeurs\/","title":{"rendered":"Document d&rsquo;Informations Communal sur les Risques Majeurs"},"content":{"rendered":"<div class=\"wpb-content-wrapper\"><p>[vc_row][vc_column]<div id=\"cz_66945\" class=\"cz_66945 cz_title clr cz_mobile_text_center cz_title_pos_inline tac\"><div class=\"cz_title_content\"><div class=\"cz_wpe_content\"><div style=\"line-height: 1; letter-spacing: -2px; text-align: center;\"><span style=\"font-size: 90px; font-weight: 300; display: block; color: #525252;\">D<span style=\"font-weight: bold; color: #9e066a;\">I<\/span>C<span style=\"font-weight: bold; color: #09359b;\">Ri<\/span>M<\/span><\/div>\n<\/div><\/div><\/div><div class=\"cz_gap clr \" style=\"height: 50px\"><\/div><div class=\"cz_btn_center\"><div class=\"cz_63052_p\"><a id=\"cz_63052\" class=\"cz_63052 cz_btn cz_btn_txt_no_fx cz_btn_zoom_in\" href=\"https:\/\/saint-arnac.fr\/wp-content\/uploads\/2019\/01\/dicrim.pdf\" target=\"_blank\"><span><i class=\"fas fa-cloud-download-alt\"><\/i><strong>T\u00e9l\u00e9charger le document<\/strong><\/span><b class=\"cz_btn_onhover\"><i class=\"fas fa-cloud-download-alt\"><\/i><strong>T\u00e9l\u00e9charger le document<\/strong><\/b><\/a><\/div><\/div>[\/vc_column][\/vc_row]<\/p>\n<\/div>","protected":false},"excerpt":{"rendered":"[vc_row][vc_column]DICRiM T\u00e9l\u00e9charger le documentT\u00e9l\u00e9charger le document[\/vc_column][\/vc_row]","protected":false},"author":2,"featured_media":0,"parent":1038,"menu_order":5,"comment_status":"closed","ping_status":"closed","template":"","meta":{"footnotes":""},"class_list":["post-1055","page","type-page","status-publish","hentry"],"jetpack_sharing_enabled":true,"_links":{"self":[{"href":"https:\/\/saint-arnac.fr\/index.php\/wp-json\/wp\/v2\/pages\/1055","targetHints":{"allow":["GET"]}}],"collection":[{"href":"https:\/\/saint-arnac.fr\/index.php\/wp-json\/wp\/v2\/pages"}],"about":[{"href":"https:\/\/saint-arnac.fr\/index.php\/wp-json\/wp\/v2\/types\/page"}],"author":[{"embeddable":true,"href":"https:\/\/saint-arnac.fr\/index.php\/wp-json\/wp\/v2\/users\/2"}],"replies":[{"embeddable":true,"href":"https:\/\/saint-arnac.fr\/index.php\/wp-json\/wp\/v2\/comments?post=1055"}],"version-history":[{"count":5,"href":"https:\/\/saint-arnac.fr\/index.php\/wp-json\/wp\/v2\/pages\/1055\/revisions"}],"predecessor-version":[{"id":1816,"href":"https:\/\/saint-arnac.fr\/index.php\/wp-json\/wp\/v2\/pages\/1055\/revisions\/1816"}],"up":[{"embeddable":true,"href":"https:\/\/saint-arnac.fr\/index.php\/wp-json\/wp\/v2\/pages\/1038"}],"wp:attachment":[{"href":"https:\/\/saint-arnac.fr\/index.php\/wp-json\/wp\/v2\/media?parent=1055"}],"curies":[{"name":"wp","href":"https:\/\/api.w.org\/{rel}","templated":true}]}}