{"id":1043,"date":"2018-12-15T16:28:49","date_gmt":"2018-12-15T15:28:49","guid":{"rendered":"https:\/\/saint-arnac.fr\/?page_id=1043"},"modified":"2024-09-11T09:05:39","modified_gmt":"2024-09-11T07:05:39","slug":"demarches-en-ligne","status":"publish","type":"page","link":"https:\/\/saint-arnac.fr\/index.php\/menu-lateral\/demarches-en-ligne\/","title":{"rendered":"D\u00e9marches en ligne"},"content":{"rendered":"<div class=\"wpb-content-wrapper\"><p>[vc_row][vc_column width=\u00a0\u00bb1\/3&Prime;]<div id=\"cz_109288\" class=\"cz_109288 cz_banner clr wpb_animate_when_almost_visible fadeInUp\">\n\t\t\t<figure class=\"effect-style19\">\n\t\t\t\t<img decoding=\"async\" class=\"\" src=\"https:\/\/saint-arnac.fr\/wp-content\/uploads\/2018\/07\/slide-o3-400x260.jpg\" width=\"400\" height=\"260\" alt=\"Think Different Outside The Box\" title=\"Think Different Outside The Box\" \/>\n\t\t\t\t<figcaption><div><h4>Particuliers<\/h4><p class=\"cz_wpe_content\"><span style=\"font-size: 14px; font-weight: 300; color: #000000;\">En savoir +<\/span><\/p><\/div><a href=\"https:\/\/www.service-public.fr\/\" target=\"_blank\"> <\/a><\/figcaption>\t\t\t\n\t\t\t<\/figure>\n\t\t<\/div>[\/vc_column][vc_column width=\u00a0\u00bb1\/3&Prime;]<div id=\"cz_26065\" class=\"cz_26065 cz_banner clr wpb_animate_when_almost_visible fadeInUp\">\n\t\t\t<figure class=\"effect-style19\">\n\t\t\t\t<img decoding=\"async\" class=\"\" src=\"https:\/\/saint-arnac.fr\/wp-content\/uploads\/2018\/07\/p9-400x260.jpg\" width=\"400\" height=\"260\" alt=\"p9\" title=\"p9\" \/>\n\t\t\t\t<figcaption><div><h4>Professionnels<\/h4><p class=\"cz_wpe_content\"><span style=\"font-size: 14px; font-weight: 300; color: #000000;\">En savoir +<\/span><\/p><\/div><a href=\"https:\/\/www.service-public.fr\/professionnels-entreprises\" target=\"_blank\"> <\/a><\/figcaption>\t\t\t\n\t\t\t<\/figure>\n\t\t<\/div>[\/vc_column][vc_column width=\u00a0\u00bb1\/3&Prime;]<div id=\"cz_70942\" class=\"cz_70942 cz_banner clr wpb_animate_when_almost_visible fadeInUp\">\n\t\t\t<figure class=\"effect-style19\">\n\t\t\t\t<img decoding=\"async\" class=\"\" src=\"https:\/\/saint-arnac.fr\/wp-content\/uploads\/2018\/07\/p7-400x260.jpg\" width=\"400\" height=\"260\" alt=\"p7\" title=\"p7\" \/>\n\t\t\t\t<figcaption><div><h4>Associations<\/h4><p class=\"cz_wpe_content\"><span style=\"font-size: 14px; font-weight: 300; color: #000000;\">En savoir +<\/span><\/p><\/div><a href=\"https:\/\/www.service-public.fr\/associations\" target=\"_blank\"> <\/a><\/figcaption>\t\t\t\n\t\t\t<\/figure>\n\t\t<\/div>[\/vc_column][\/vc_row][vc_row][vc_column]<div class=\"cz_gap clr \" style=\"height: 50px\"><\/div><div id=\"cz_76484\" class=\"cz_76484 cz_title clr cz_title_pos_inline\"><div class=\"cz_title_content\"><span class=\"cz_line_side_solo\">_<\/span><div class=\"cz_wpe_content\"><h3 style=\"text-align: left;\"><span style=\"color: #3f51b5;\">Service-Public.fr<\/span><\/h3>\n<p style=\"text-align: left;\"><span style=\"color: #999999;\">Simplifiez toutes vos d\u00e9marches administratives avec www.service-public.fr<\/span><\/p>\n<\/div><\/div><\/div>[\/vc_column][\/vc_row][vc_row][vc_column]<div class=\"cz_gap clr \" style=\"height: 100px\"><\/div>[\/vc_column][\/vc_row][vc_row][vc_column width=\u00a0\u00bb1\/2&Prime;][vc_single_image image=\u00a0\u00bb1875&Prime; img_size=\u00a0\u00bb500&#215;700&Prime;][vc_empty_space][\/vc_column][vc_column width=\u00a0\u00bb1\/2&Prime;]<div id=\"cz_75310\" class=\"cz_75310 cz_gradient_title\"><div class=\"cz_wpe_content\"><span style=\"font-family: Poppins; font-size: 90px; font-weight: 900;\">CARTE GRISE<\/span><\/div><\/div>[vc_column_text]Depuis 2017, les cartes grises s&rsquo;effectuent seulement sur le site officiel du gouvernement :\u00a0<strong><a href=\"https:\/\/immatriculation.ants.gouv.fr\/\">https:\/\/immatriculation.ants.gouv.fr\/<\/a><\/strong><\/p>\n<p>Le service public se dote d&rsquo;un nouvel outil pour simuler le prix de votre carte grise en fonction de votre r\u00e9gion. Que ce soit pour une voiture neuve ou d&rsquo;occasion.<\/p>\n<p>Consultez ce <a href=\"https:\/\/www.kit-embrayage.fr\/blog\/comment-faire-la-carte-grise-dune-voiture\/\"><strong>guide pratique<\/strong><\/a> avant de vous rendre sur <strong><a href=\"https:\/\/www.service-public.fr\/particuliers\/vosdroits\/R39696\">https:\/\/www.service-public.fr\/particuliers\/vosdroits\/R39696<\/a><\/strong><\/p>\n<p>&nbsp;<\/p>\n<p>Attention : Des sites internet frauduleux copient l&rsquo;apparence du site officiel et font ainsi payer les d\u00e9marches pour l&rsquo;obtention du certificat d&rsquo;immatriculation. Informez-vous sur le vrai prix de la carte grise et les diff\u00e9rentes actions malveillantes via les\u00a0<strong><a href=\"https:\/\/www.courroie-distribution.fr\/blog\/combien-coute-une-carte-grise\/\">d\u00e9marches carte grise<\/a><\/strong>.<\/p>\n<p>Si vous avez besoin d&rsquo;une aide ext\u00e9rieure dans vos d\u00e9marches, vous avez la possibilit\u00e9 de vous tourner vers un garage automobile agr\u00e9\u00e9 :\u00a0<strong><a href=\"https:\/\/www.vroomly.com\/garage-66\/\">garage dans le 66<\/a><\/strong>.<\/p>\n<p>Pour les \u00e9tapes concernant les d\u00e9marches du certificat d&rsquo;immatriculation, veuillez vous informer aupr\u00e8s du\u00a0<strong><a href=\"https:\/\/www.vroomly.com\/blog\/perte-de-carte-grise-tout-ce-que-vous-devez-savoir\/\">guide explicatif<\/a><\/strong>.[\/vc_column_text][vc_empty_space][\/vc_column][\/vc_row]<\/p>\n<\/div>","protected":false},"excerpt":{"rendered":"<p>Depuis 2017, les cartes grises s&rsquo;effectuent seulement sur le site officiel &#8230; <\/p>\n","protected":false},"author":2,"featured_media":0,"parent":1038,"menu_order":1,"comment_status":"closed","ping_status":"closed","template":"","meta":{"footnotes":""},"class_list":["post-1043","page","type-page","status-publish","hentry"],"jetpack_sharing_enabled":true,"_links":{"self":[{"href":"https:\/\/saint-arnac.fr\/index.php\/wp-json\/wp\/v2\/pages\/1043","targetHints":{"allow":["GET"]}}],"collection":[{"href":"https:\/\/saint-arnac.fr\/index.php\/wp-json\/wp\/v2\/pages"}],"about":[{"href":"https:\/\/saint-arnac.fr\/index.php\/wp-json\/wp\/v2\/types\/page"}],"author":[{"embeddable":true,"href":"https:\/\/saint-arnac.fr\/index.php\/wp-json\/wp\/v2\/users\/2"}],"replies":[{"embeddable":true,"href":"https:\/\/saint-arnac.fr\/index.php\/wp-json\/wp\/v2\/comments?post=1043"}],"version-history":[{"count":6,"href":"https:\/\/saint-arnac.fr\/index.php\/wp-json\/wp\/v2\/pages\/1043\/revisions"}],"predecessor-version":[{"id":2124,"href":"https:\/\/saint-arnac.fr\/index.php\/wp-json\/wp\/v2\/pages\/1043\/revisions\/2124"}],"up":[{"embeddable":true,"href":"https:\/\/saint-arnac.fr\/index.php\/wp-json\/wp\/v2\/pages\/1038"}],"wp:attachment":[{"href":"https:\/\/saint-arnac.fr\/index.php\/wp-json\/wp\/v2\/media?parent=1043"}],"curies":[{"name":"wp","href":"https:\/\/api.w.org\/{rel}","templated":true}]}}